{"id":1748,"date":"2021-07-12T19:13:36","date_gmt":"2021-07-12T19:13:36","guid":{"rendered":"https:\/\/tcm.eisenprobst.at\/?page_id=1748"},"modified":"2021-09-12T21:46:42","modified_gmt":"2021-09-12T19:46:42","slug":"impressum","status":"publish","type":"page","link":"https:\/\/tcm.eisenprobst.at\/?page_id=1748","title":{"rendered":"Impressum"},"content":{"rendered":"<h2>Impressum<\/h2>\n<div>Information gem\u00e4\u00df \u00a7 5 E-Commerce-Gesetz und Offenlegung gem\u00e4\u00df \u00a7 25 Mediengesetz:<\/p>\n<p>Diensteanbieter, Medieninhaber, Betreiber der Website und f\u00fcr den Inhalt verantwortlich:<\/p>\n<p>Dr. med. Daniela Eisenprobst<br \/>\n<br \/>Fach\u00e4rztin f\u00fcr Gyn\u00e4kologie und Geburtshilfe, Allgemeinmedizin und traditionelle chinesische Medizin<br \/>\n<\/p>\n<p><a href=\"mailto:tcm@eisenprobst.at\">tcm@eisenprobst.at<\/a><br \/>\n<a href=\"tel:00436767064460\">+43 676 706 44 60<\/a><\/p>\n<p>Linzer Stra\u00dfe 3-5\/1\/4<br \/>\n3100 St. P\u00f6lten<\/p>\n<p>Homepage: tcm.eisenprobst.at<\/p>\n<p>Mitglied der \u00c4rztekammer \u00d6sterreich<\/p><\/div>\n<p><!--more--><br \/>\n<!-- {\"type\":\"layout\",\"children\":[{\"type\":\"section\",\"props\":{\"style\":\"default\",\"width\":\"default\",\"vertical_align\":\"middle\",\"title_position\":\"top-left\",\"title_rotation\":\"left\",\"title_breakpoint\":\"xl\",\"image_position\":\"center-center\",\"padding_remove_bottom\":false,\"id\":\"leistungen\"},\"children\":[{\"type\":\"row\",\"children\":[{\"type\":\"column\",\"props\":{\"image_position\":\"center-center\",\"media_overlay_gradient\":\"\",\"width_medium\":\"1-5\"},\"children\":[]},{\"type\":\"column\",\"props\":{\"image_position\":\"center-center\",\"media_overlay_gradient\":\"\",\"width_medium\":\"3-5\"},\"children\":[{\"type\":\"headline\",\"props\":{\"title_element\":\"h2\",\"content\":\"Impressum\",\"margin\":\"medium\",\"text_align\":\"left\",\"id\":\"slider\",\"title_style\":\"h1\",\"title_decoration\":\"line\"},\"name\":\"slider\"},{\"type\":\"text\",\"props\":{\"margin\":\"default\",\"column_breakpoint\":\"m\",\"content\":\"Information gem\\u00e4\\u00df \\u00a7 5 E-Commerce-Gesetz und Offenlegung gem\\u00e4\\u00df \\u00a7 25 Mediengesetz:\\n\n\n\\nDiensteanbieter, Medieninhaber, Betreiber der Website und f\\u00fcr den Inhalt verantwortlich:\\n\n\n\\nDr. med. Daniela Eisenprobst\\n<br \/>Fach\\u00e4rztin f\\u00fcr Gyn\\u00e4kologie und Geburtshilfe, Allgemeinmedizin und traditionelle chinesische Medizin\\n<br \/>\\n\n\n<p><a href=\\\"mailto:tcm@eisenprobst.at\\\">tcm@eisenprobst.at<\\\/a><br \/>\\n<a href=\\\"tel:00436767064460\\\">+43 676 706 44 60<\\\/a><\\\/p>\\nLinzer Stra\\u00dfe 3-5\\\/1\\\/4<br \/>\\n3100 St. P\\u00f6lten\n\n\\n\\nHomepage: tcm.eisenprobst.at\n\n\\n\\nMitglied der \\u00c4rztekammer \\u00d6sterreich\",\"column_divider\":true}}]},{\"type\":\"column\",\"props\":{\"image_position\":\"center-center\",\"media_overlay_gradient\":\"\",\"width_medium\":\"1-5\"},\"children\":[]}],\"props\":{\"layout\":\"1-5,3-5,1-5\"}}],\"name\":\"WHAT IS OK 2\",\"modified\":\"2021-07-11T16:43:04.690Z\"}],\"version\":\"2.5.4\"} --><\/p>\n","protected":false},"excerpt":{"rendered":"<p>Impressum Information gem\u00e4\u00df \u00a7 5 E-Commerce-Gesetz und Offenlegung gem\u00e4\u00df \u00a7 25 Mediengesetz: Diensteanbieter, Medieninhaber, Betreiber der Website und f\u00fcr den Inhalt verantwortlich: Dr. med. Daniela Eisenprobst Fach\u00e4rztin f\u00fcr Gyn\u00e4kologie und Geburtshilfe, Allgemeinmedizin und traditionelle chinesische Medizin tcm@eisenprobst.at +43 676 706 44 60 Linzer Stra\u00dfe 3-5\/1\/4 3100 St. P\u00f6lten Homepage: tcm.eisenprobst.at Mitglied der \u00c4rztekammer \u00d6sterreich<\/p>\n","protected":false},"author":1,"featured_media":0,"parent":0,"menu_order":0,"comment_status":"closed","ping_status":"closed","template":"","meta":{"footnotes":""},"class_list":["post-1748","page","type-page","status-publish","hentry"],"acf":[],"_links":{"self":[{"href":"https:\/\/tcm.eisenprobst.at\/index.php?rest_route=\/wp\/v2\/pages\/1748","targetHints":{"allow":["GET"]}}],"collection":[{"href":"https:\/\/tcm.eisenprobst.at\/index.php?rest_route=\/wp\/v2\/pages"}],"about":[{"href":"https:\/\/tcm.eisenprobst.at\/index.php?rest_route=\/wp\/v2\/types\/page"}],"author":[{"embeddable":true,"href":"https:\/\/tcm.eisenprobst.at\/index.php?rest_route=\/wp\/v2\/users\/1"}],"replies":[{"embeddable":true,"href":"https:\/\/tcm.eisenprobst.at\/index.php?rest_route=%2Fwp%2Fv2%2Fcomments&post=1748"}],"version-history":[{"count":10,"href":"https:\/\/tcm.eisenprobst.at\/index.php?rest_route=\/wp\/v2\/pages\/1748\/revisions"}],"predecessor-version":[{"id":1856,"href":"https:\/\/tcm.eisenprobst.at\/index.php?rest_route=\/wp\/v2\/pages\/1748\/revisions\/1856"}],"wp:attachment":[{"href":"https:\/\/tcm.eisenprobst.at\/index.php?rest_route=%2Fwp%2Fv2%2Fmedia&parent=1748"}],"curies":[{"name":"wp","href":"https:\/\/api.w.org\/{rel}","templated":true}]}}