{"id":1680,"date":"2021-07-11T17:33:01","date_gmt":"2021-07-11T17:33:01","guid":{"rendered":"https:\/\/tcm.eisenprobst.at\/?page_id=1680"},"modified":"2021-10-23T22:01:20","modified_gmt":"2021-10-23T20:01:20","slug":"guasha","status":"publish","type":"page","link":"https:\/\/tcm.eisenprobst.at\/?page_id=1680","title":{"rendered":"guasha"},"content":{"rendered":"<h2>Gua Sha<\/h2>\n<div>\n<p><span>Gua Sha ist eine Methode, die \u00fcber Schabmassage zu Hautr\u00f6tungen f\u00fchrt. Dadurch wird die Durchblutung des Gewebes verbessert, der Stoffwechsel angeregt, Immunprozesse werden beschleunigt und verh\u00e4rtete Muskulatur wird detonisiert.<\/span><\/p>\n<\/div>\n<p><!--more--><br \/>\n<!-- {\"type\":\"layout\",\"children\":[{\"type\":\"section\",\"props\":{\"style\":\"default\",\"width\":\"default\",\"vertical_align\":\"middle\",\"title_position\":\"top-left\",\"title_rotation\":\"left\",\"title_breakpoint\":\"xl\",\"image_position\":\"center-center\",\"image\":\"wp-content\\\/uploads\\\/2021\\\/07\\\/gua_sha.jpg\",\"height\":\"percent\",\"class\":\"hoehe\",\"image_size\":\"cover\"},\"children\":[{\"type\":\"row\",\"children\":[{\"type\":\"column\",\"props\":{\"image_position\":\"center-center\",\"media_overlay_gradient\":\"\"},\"children\":[]}]}],\"modified\":\"2021-07-11T16:37:14.264Z\",\"name\":\"hero section OK\"},{\"type\":\"section\",\"props\":{\"style\":\"default\",\"width\":\"default\",\"vertical_align\":\"middle\",\"title_position\":\"top-left\",\"title_rotation\":\"left\",\"title_breakpoint\":\"xl\",\"image_position\":\"center-center\",\"padding_remove_bottom\":false,\"id\":\"leistungen\"},\"children\":[{\"type\":\"row\",\"children\":[{\"type\":\"column\",\"props\":{\"image_position\":\"center-center\",\"media_overlay_gradient\":\"\",\"width_medium\":\"1-5\"},\"children\":[]},{\"type\":\"column\",\"props\":{\"image_position\":\"center-center\",\"media_overlay_gradient\":\"\",\"width_medium\":\"3-5\"},\"children\":[{\"type\":\"headline\",\"props\":{\"title_element\":\"h2\",\"content\":\"Gua Sha\",\"margin\":\"large\",\"text_align\":\"center\",\"id\":\"slider\",\"title_style\":\"heading-medium\"},\"name\":\"slider\"},{\"type\":\"text\",\"props\":{\"margin\":\"default\",\"column_breakpoint\":\"m\",\"content\":\"\n\n<p><span>Gua Sha ist eine Methode, die \\u00fcber Schabmassage zu Hautr\\u00f6tungen f\\u00fchrt. Dadurch wird die Durchblutung des Gewebes verbessert, der Stoffwechsel angeregt, Immunprozesse werden beschleunigt und verh\\u00e4rtete Muskulatur wird detonisiert.<\\\/span><\\\/p>\",\"text_size\":\"large\",\"column_divider\":true}}]},{\"type\":\"column\",\"props\":{\"image_position\":\"center-center\",\"media_overlay_gradient\":\"\",\"width_medium\":\"1-5\"},\"children\":[]}],\"props\":{\"layout\":\"1-5,3-5,1-5\"}}],\"name\":\"WHAT IS OK 2\",\"modified\":\"2021-07-11T16:43:04.690Z\"}],\"version\":\"2.6.2\"} --><\/p>\n","protected":false},"excerpt":{"rendered":"<p>Gua Sha Gua Sha ist eine Methode, die \u00fcber Schabmassage zu Hautr\u00f6tungen f\u00fchrt. Dadurch wird die Durchblutung des Gewebes verbessert, der Stoffwechsel angeregt, Immunprozesse werden beschleunigt und verh\u00e4rtete Muskulatur wird detonisiert.<\/p>\n","protected":false},"author":1,"featured_media":0,"parent":0,"menu_order":0,"comment_status":"closed","ping_status":"closed","template":"","meta":{"footnotes":""},"class_list":["post-1680","page","type-page","status-publish","hentry"],"acf":[],"_links":{"self":[{"href":"https:\/\/tcm.eisenprobst.at\/index.php?rest_route=\/wp\/v2\/pages\/1680","targetHints":{"allow":["GET"]}}],"collection":[{"href":"https:\/\/tcm.eisenprobst.at\/index.php?rest_route=\/wp\/v2\/pages"}],"about":[{"href":"https:\/\/tcm.eisenprobst.at\/index.php?rest_route=\/wp\/v2\/types\/page"}],"author":[{"embeddable":true,"href":"https:\/\/tcm.eisenprobst.at\/index.php?rest_route=\/wp\/v2\/users\/1"}],"replies":[{"embeddable":true,"href":"https:\/\/tcm.eisenprobst.at\/index.php?rest_route=%2Fwp%2Fv2%2Fcomments&post=1680"}],"version-history":[{"count":10,"href":"https:\/\/tcm.eisenprobst.at\/index.php?rest_route=\/wp\/v2\/pages\/1680\/revisions"}],"predecessor-version":[{"id":1960,"href":"https:\/\/tcm.eisenprobst.at\/index.php?rest_route=\/wp\/v2\/pages\/1680\/revisions\/1960"}],"wp:attachment":[{"href":"https:\/\/tcm.eisenprobst.at\/index.php?rest_route=%2Fwp%2Fv2%2Fmedia&parent=1680"}],"curies":[{"name":"wp","href":"https:\/\/api.w.org\/{rel}","templated":true}]}}