{"id":1653,"date":"2021-07-11T16:43:34","date_gmt":"2021-07-11T16:43:34","guid":{"rendered":"https:\/\/tcm.eisenprobst.at\/?page_id=1653"},"modified":"2021-10-23T22:01:50","modified_gmt":"2021-10-23T20:01:50","slug":"koerper","status":"publish","type":"page","link":"https:\/\/tcm.eisenprobst.at\/?page_id=1653","title":{"rendered":"koerperakupunktur"},"content":{"rendered":"<h2>K\u00f6rperakupunktur<\/h2>\n<div>\n<p>Akupunktur ist das Einstechen von Nadeln in genau definierte Punkte zu therapeutischen Zwecken.<\/p>\n<p>Die klassische Akupunkturpunkte liegen auf Leitbahnen, den sogenannten Meridianen. Selbstheilungskr\u00e4fte des K\u00f6rpers werden angeregt, gest\u00f6rte Funktionen wieder normalisiert und Blockaden gel\u00f6st. Die Wirkungsweise der Akupunktur ist heute wissenschaftlich gut untersucht und steht au\u00dfer Zweifel.<\/p>\n<\/div>\n<p><!--more--><br \/>\n<!-- {\"type\":\"layout\",\"children\":[{\"type\":\"section\",\"props\":{\"style\":\"default\",\"width\":\"default\",\"vertical_align\":\"middle\",\"title_position\":\"top-left\",\"title_rotation\":\"left\",\"title_breakpoint\":\"xl\",\"image_position\":\"center-center\",\"image\":\"wp-content\\\/uploads\\\/2021\\\/07\\\/koerperakupunktur.jpg\",\"height\":\"percent\",\"image_size\":\"cover\",\"class\":\"hoehe\"},\"children\":[{\"type\":\"row\",\"children\":[{\"type\":\"column\",\"props\":{\"image_position\":\"center-center\",\"media_overlay_gradient\":\"\"},\"children\":[]}]}],\"modified\":\"2021-07-11T16:37:14.264Z\",\"name\":\"hero section OK\"},{\"type\":\"section\",\"props\":{\"style\":\"default\",\"width\":\"default\",\"vertical_align\":\"middle\",\"title_position\":\"top-left\",\"title_rotation\":\"left\",\"title_breakpoint\":\"xl\",\"image_position\":\"center-center\",\"padding_remove_bottom\":false,\"id\":\"leistungen\"},\"children\":[{\"type\":\"row\",\"children\":[{\"type\":\"column\",\"props\":{\"image_position\":\"center-center\",\"media_overlay_gradient\":\"\",\"width_medium\":\"1-5\"},\"children\":[]},{\"type\":\"column\",\"props\":{\"image_position\":\"center-center\",\"media_overlay_gradient\":\"\",\"width_medium\":\"3-5\"},\"children\":[{\"type\":\"headline\",\"props\":{\"title_element\":\"h2\",\"content\":\"K\\u00f6rperakupunktur\",\"margin\":\"large\",\"text_align\":\"center\",\"id\":\"slider\",\"title_style\":\"heading-medium\"},\"name\":\"slider\"},{\"type\":\"text\",\"props\":{\"margin\":\"default\",\"column_breakpoint\":\"m\",\"content\":\"\n\n<p>Akupunktur ist das Einstechen von Nadeln in genau definierte Punkte zu therapeutischen Zwecken.<\\\/p>\\n\n\n<p>Die klassische Akupunkturpunkte liegen auf Leitbahnen, den sogenannten Meridianen. Selbstheilungskr\\u00e4fte des K\\u00f6rpers werden angeregt, gest\\u00f6rte Funktionen wieder normalisiert und Blockaden gel\\u00f6st. Die Wirkungsweise der Akupunktur ist heute wissenschaftlich gut untersucht und steht au\\u00dfer Zweifel.<\\\/p>\",\"text_size\":\"large\",\"column_divider\":true}}]},{\"type\":\"column\",\"props\":{\"image_position\":\"center-center\",\"media_overlay_gradient\":\"\",\"width_medium\":\"1-5\"},\"children\":[]}],\"props\":{\"layout\":\"1-5,3-5,1-5\"}}],\"name\":\"what is it OK\",\"modified\":\"2021-07-11T16:37:23.117Z\"}],\"version\":\"2.6.2\"} --><\/p>\n","protected":false},"excerpt":{"rendered":"<p>K\u00f6rperakupunktur Akupunktur ist das Einstechen von Nadeln in genau definierte Punkte zu therapeutischen Zwecken. Die klassische Akupunkturpunkte liegen auf Leitbahnen, den sogenannten Meridianen. Selbstheilungskr\u00e4fte des K\u00f6rpers werden angeregt, gest\u00f6rte Funktionen wieder normalisiert und Blockaden gel\u00f6st. Die Wirkungsweise der Akupunktur ist heute wissenschaftlich gut untersucht und steht au\u00dfer Zweifel.<\/p>\n","protected":false},"author":1,"featured_media":0,"parent":0,"menu_order":0,"comment_status":"closed","ping_status":"closed","template":"","meta":{"footnotes":""},"class_list":["post-1653","page","type-page","status-publish","hentry"],"acf":[],"_links":{"self":[{"href":"https:\/\/tcm.eisenprobst.at\/index.php?rest_route=\/wp\/v2\/pages\/1653","targetHints":{"allow":["GET"]}}],"collection":[{"href":"https:\/\/tcm.eisenprobst.at\/index.php?rest_route=\/wp\/v2\/pages"}],"about":[{"href":"https:\/\/tcm.eisenprobst.at\/index.php?rest_route=\/wp\/v2\/types\/page"}],"author":[{"embeddable":true,"href":"https:\/\/tcm.eisenprobst.at\/index.php?rest_route=\/wp\/v2\/users\/1"}],"replies":[{"embeddable":true,"href":"https:\/\/tcm.eisenprobst.at\/index.php?rest_route=%2Fwp%2Fv2%2Fcomments&post=1653"}],"version-history":[{"count":22,"href":"https:\/\/tcm.eisenprobst.at\/index.php?rest_route=\/wp\/v2\/pages\/1653\/revisions"}],"predecessor-version":[{"id":1954,"href":"https:\/\/tcm.eisenprobst.at\/index.php?rest_route=\/wp\/v2\/pages\/1653\/revisions\/1954"}],"wp:attachment":[{"href":"https:\/\/tcm.eisenprobst.at\/index.php?rest_route=%2Fwp%2Fv2%2Fmedia&parent=1653"}],"curies":[{"name":"wp","href":"https:\/\/api.w.org\/{rel}","templated":true}]}}