{"id":1647,"date":"2021-07-11T16:41:26","date_gmt":"2021-07-11T16:41:26","guid":{"rendered":"https:\/\/tcm.eisenprobst.at\/?page_id=1647"},"modified":"2021-10-23T22:01:40","modified_gmt":"2021-10-23T20:01:40","slug":"kraeuter","status":"publish","type":"page","link":"https:\/\/tcm.eisenprobst.at\/?page_id=1647","title":{"rendered":"kraeuterheilkunde"},"content":{"rendered":"<h2>Chinesische Kr\u00e4uterheilkunde<\/h2>\n<div>\n<p>Hier werden Pflanzenteile, Wurzeln, Rinden, Bl\u00e4tter, Samen und Bl\u00fcten aber auch Mineralien verwendet, um Kr\u00e4uterrezepturen zu erstellen.<\/p>\n<p>Sie haben in \u00fcber 2000 j\u00e4hriger Anwendung ihre heilende Wirkung erwiesen und sind mittlerweile wissenschaftlich sehr gut untersucht.<\/p>\n<p>Ablauf: nach einem ausf\u00fchrlichen Gespr\u00e4ch (Anamnese) mit einem Blick auf die Zunge und Pulsdiagnostik wird eine individuelle Kr\u00e4uterrezeptur erstellt.<\/p>\n<p>Die von mir zusammengestellten Rezepturen sind rein pflanzlich und enthalten garantiert keine tierischen Produkte!<\/p>\n<\/div>\n<p><!--more--><br \/>\n<!-- {\"type\":\"layout\",\"children\":[{\"type\":\"section\",\"props\":{\"style\":\"default\",\"width\":\"default\",\"vertical_align\":\"middle\",\"title_position\":\"top-left\",\"title_rotation\":\"left\",\"title_breakpoint\":\"xl\",\"image_position\":\"bottom-center\",\"image\":\"wp-content\\\/uploads\\\/2021\\\/07\\\/krauterheilkunde.jpg\",\"height\":\"percent\",\"class\":\"hoehe\",\"image_size\":\"cover\"},\"children\":[{\"type\":\"row\",\"children\":[{\"type\":\"column\",\"props\":{\"image_position\":\"center-center\",\"media_overlay_gradient\":\"\",\"width_medium\":\"\"},\"children\":[]}]}],\"modified\":\"2021-07-11T16:37:14.264Z\",\"name\":\"hero section OK\"},{\"type\":\"section\",\"props\":{\"style\":\"default\",\"width\":\"default\",\"vertical_align\":\"middle\",\"title_position\":\"top-left\",\"title_rotation\":\"left\",\"title_breakpoint\":\"xl\",\"image_position\":\"center-center\",\"padding_remove_bottom\":false,\"id\":\"leistungen\"},\"children\":[{\"type\":\"row\",\"children\":[{\"type\":\"column\",\"props\":{\"image_position\":\"center-center\",\"media_overlay_gradient\":\"\",\"width_medium\":\"1-5\"},\"children\":[]},{\"type\":\"column\",\"props\":{\"image_position\":\"center-center\",\"media_overlay_gradient\":\"\",\"width_medium\":\"3-5\"},\"children\":[{\"type\":\"headline\",\"props\":{\"title_element\":\"h2\",\"content\":\"Chinesische Kr\\u00e4uterheilkunde\",\"margin\":\"large\",\"text_align\":\"center\",\"id\":\"slider\",\"title_style\":\"heading-medium\"},\"name\":\"slider\"},{\"type\":\"text\",\"props\":{\"margin\":\"default\",\"column_breakpoint\":\"m\",\"content\":\"\n\n<p>Hier werden Pflanzenteile, Wurzeln, Rinden, Bl\\u00e4tter, Samen und Bl\\u00fcten aber auch Mineralien verwendet, um Kr\\u00e4uterrezepturen zu erstellen.<\\\/p>\\n\n\n<p>Sie haben in \\u00fcber 2000 j\\u00e4hriger Anwendung ihre heilende Wirkung erwiesen und sind mittlerweile wissenschaftlich sehr gut untersucht.<\\\/p>\\n\n\n<p>Ablauf: nach einem ausf\\u00fchrlichen Gespr\\u00e4ch (Anamnese) mit einem Blick auf die Zunge und Pulsdiagnostik wird eine individuelle Kr\\u00e4uterrezeptur erstellt.<\\\/p>\\n\n\n<p>Die von mir zusammengestellten Rezepturen sind rein pflanzlich und enthalten garantiert keine tierischen Produkte!<\\\/p>\",\"text_size\":\"large\",\"column_divider\":true}}]},{\"type\":\"column\",\"props\":{\"image_position\":\"center-center\",\"media_overlay_gradient\":\"\",\"width_medium\":\"1-5\"},\"children\":[]}],\"props\":{\"layout\":\"1-5,3-5,1-5\"}}],\"name\":\"what is it OK\",\"modified\":\"2021-07-11T16:37:23.117Z\"}],\"version\":\"2.6.2\"} --><\/p>\n","protected":false},"excerpt":{"rendered":"<p>Chinesische Kr\u00e4uterheilkunde Hier werden Pflanzenteile, Wurzeln, Rinden, Bl\u00e4tter, Samen und Bl\u00fcten aber auch Mineralien verwendet, um Kr\u00e4uterrezepturen zu erstellen. Sie haben in \u00fcber 2000 j\u00e4hriger Anwendung ihre heilende Wirkung erwiesen und sind mittlerweile wissenschaftlich sehr gut untersucht. Ablauf: nach einem ausf\u00fchrlichen Gespr\u00e4ch (Anamnese) mit einem Blick auf die Zunge und Pulsdiagnostik wird eine individuelle Kr\u00e4uterrezeptur [&hellip;]<\/p>\n","protected":false},"author":1,"featured_media":0,"parent":0,"menu_order":0,"comment_status":"closed","ping_status":"closed","template":"","meta":{"footnotes":""},"class_list":["post-1647","page","type-page","status-publish","hentry"],"acf":[],"_links":{"self":[{"href":"https:\/\/tcm.eisenprobst.at\/index.php?rest_route=\/wp\/v2\/pages\/1647","targetHints":{"allow":["GET"]}}],"collection":[{"href":"https:\/\/tcm.eisenprobst.at\/index.php?rest_route=\/wp\/v2\/pages"}],"about":[{"href":"https:\/\/tcm.eisenprobst.at\/index.php?rest_route=\/wp\/v2\/types\/page"}],"author":[{"embeddable":true,"href":"https:\/\/tcm.eisenprobst.at\/index.php?rest_route=\/wp\/v2\/users\/1"}],"replies":[{"embeddable":true,"href":"https:\/\/tcm.eisenprobst.at\/index.php?rest_route=%2Fwp%2Fv2%2Fcomments&post=1647"}],"version-history":[{"count":12,"href":"https:\/\/tcm.eisenprobst.at\/index.php?rest_route=\/wp\/v2\/pages\/1647\/revisions"}],"predecessor-version":[{"id":1961,"href":"https:\/\/tcm.eisenprobst.at\/index.php?rest_route=\/wp\/v2\/pages\/1647\/revisions\/1961"}],"wp:attachment":[{"href":"https:\/\/tcm.eisenprobst.at\/index.php?rest_route=%2Fwp%2Fv2%2Fmedia&parent=1647"}],"curies":[{"name":"wp","href":"https:\/\/api.w.org\/{rel}","templated":true}]}}