{"id":1620,"date":"2021-07-11T16:15:31","date_gmt":"2021-07-11T16:15:31","guid":{"rendered":"https:\/\/tcm.eisenprobst.at\/?page_id=1620"},"modified":"2021-10-23T21:49:58","modified_gmt":"2021-10-23T19:49:58","slug":"moxibustion","status":"publish","type":"page","link":"https:\/\/tcm.eisenprobst.at\/?page_id=1620","title":{"rendered":"Moxibustion"},"content":{"rendered":"<h2>Moxibustion<\/h2>\n<div>\n<p>Mit Beifu\u00dfkraut werden Akupunkturpunkte\u00a0ohne Hautkontakt angew\u00e4rmt. Dadurch wird K\u00e4lte und Feuchtigkeit in den Meridianen beseitigt und Erkrankungen vom Schw\u00e4chetyp behandelt.<\/p>\n<p>Am bekanntesten ist Moxen zur Wendung des Ungeborenen bei Beckenendlage. Hierf\u00fcr wird ein spezieller Akupunkturpunkt mit der Moxazigarre stimuliert (ohne Hautkontakt!) w\u00e4hrend die Schwangere in \u201eBeckenhochlagerung\u201c liegt.<\/p>\n<\/div>\n<p><!--more--><br \/>\n<!-- {\"type\":\"layout\",\"children\":[{\"type\":\"section\",\"props\":{\"style\":\"default\",\"width\":\"default\",\"vertical_align\":\"middle\",\"title_position\":\"top-left\",\"title_rotation\":\"left\",\"title_breakpoint\":\"xl\",\"image_position\":\"center-center\",\"image\":\"wp-content\\\/uploads\\\/2021\\\/07\\\/moxibustion.jpg\",\"height\":\"percent\",\"class\":\"hoehe\",\"image_size\":\"cover\"},\"children\":[{\"type\":\"row\",\"children\":[{\"type\":\"column\",\"props\":{\"image_position\":\"center-center\",\"media_overlay_gradient\":\"\"},\"children\":[]}]}],\"modified\":\"2021-07-11T16:09:39.346Z\",\"name\":\"hero section\"},{\"type\":\"section\",\"props\":{\"style\":\"default\",\"width\":\"default\",\"vertical_align\":\"middle\",\"title_position\":\"top-left\",\"title_rotation\":\"left\",\"title_breakpoint\":\"xl\",\"image_position\":\"center-center\",\"padding_remove_bottom\":false,\"id\":\"leistungen\"},\"children\":[{\"type\":\"row\",\"children\":[{\"type\":\"column\",\"props\":{\"image_position\":\"center-center\",\"media_overlay_gradient\":\"\",\"width_medium\":\"1-5\"},\"children\":[]},{\"type\":\"column\",\"props\":{\"image_position\":\"center-center\",\"media_overlay_gradient\":\"\",\"width_medium\":\"3-5\"},\"children\":[{\"type\":\"headline\",\"props\":{\"title_element\":\"h2\",\"content\":\"Moxibustion\",\"margin\":\"large\",\"text_align\":\"center\",\"id\":\"slider\",\"title_style\":\"heading-medium\"},\"name\":\"slider\"},{\"type\":\"text\",\"props\":{\"margin\":\"default\",\"column_breakpoint\":\"m\",\"content\":\"\n\n<p>Mit Beifu\\u00dfkraut werden Akupunkturpunkte\\u00a0ohne Hautkontakt angew\\u00e4rmt. Dadurch wird K\\u00e4lte und Feuchtigkeit in den Meridianen beseitigt und Erkrankungen vom Schw\\u00e4chetyp behandelt.<\\\/p>\\n\n\n<p>Am bekanntesten ist Moxen zur Wendung des Ungeborenen bei Beckenendlage. Hierf\\u00fcr wird ein spezieller Akupunkturpunkt mit der Moxazigarre stimuliert (ohne Hautkontakt!) w\\u00e4hrend die Schwangere in \\u201eBeckenhochlagerung\\u201c liegt.<\\\/p>\",\"text_size\":\"large\",\"column_divider\":true}}]},{\"type\":\"column\",\"props\":{\"image_position\":\"center-center\",\"media_overlay_gradient\":\"\",\"width_medium\":\"1-5\"},\"children\":[]}],\"props\":{\"layout\":\"1-5,3-5,1-5\"}}],\"name\":\"what is it\",\"modified\":\"2021-07-11T16:07:37.968Z\"}],\"version\":\"2.6.2\"} --><\/p>\n","protected":false},"excerpt":{"rendered":"<p>Moxibustion Mit Beifu\u00dfkraut werden Akupunkturpunkte\u00a0ohne Hautkontakt angew\u00e4rmt. Dadurch wird K\u00e4lte und Feuchtigkeit in den Meridianen beseitigt und Erkrankungen vom Schw\u00e4chetyp behandelt. Am bekanntesten ist Moxen zur Wendung des Ungeborenen bei Beckenendlage. Hierf\u00fcr wird ein spezieller Akupunkturpunkt mit der Moxazigarre stimuliert (ohne Hautkontakt!) w\u00e4hrend die Schwangere in \u201eBeckenhochlagerung\u201c liegt.<\/p>\n","protected":false},"author":1,"featured_media":0,"parent":0,"menu_order":0,"comment_status":"closed","ping_status":"closed","template":"","meta":{"footnotes":""},"class_list":["post-1620","page","type-page","status-publish","hentry"],"acf":[],"_links":{"self":[{"href":"https:\/\/tcm.eisenprobst.at\/index.php?rest_route=\/wp\/v2\/pages\/1620","targetHints":{"allow":["GET"]}}],"collection":[{"href":"https:\/\/tcm.eisenprobst.at\/index.php?rest_route=\/wp\/v2\/pages"}],"about":[{"href":"https:\/\/tcm.eisenprobst.at\/index.php?rest_route=\/wp\/v2\/types\/page"}],"author":[{"embeddable":true,"href":"https:\/\/tcm.eisenprobst.at\/index.php?rest_route=\/wp\/v2\/users\/1"}],"replies":[{"embeddable":true,"href":"https:\/\/tcm.eisenprobst.at\/index.php?rest_route=%2Fwp%2Fv2%2Fcomments&post=1620"}],"version-history":[{"count":16,"href":"https:\/\/tcm.eisenprobst.at\/index.php?rest_route=\/wp\/v2\/pages\/1620\/revisions"}],"predecessor-version":[{"id":1958,"href":"https:\/\/tcm.eisenprobst.at\/index.php?rest_route=\/wp\/v2\/pages\/1620\/revisions\/1958"}],"wp:attachment":[{"href":"https:\/\/tcm.eisenprobst.at\/index.php?rest_route=%2Fwp%2Fv2%2Fmedia&parent=1620"}],"curies":[{"name":"wp","href":"https:\/\/api.w.org\/{rel}","templated":true}]}}