{"id":1124,"date":"2021-04-26T18:46:48","date_gmt":"2021-04-26T18:46:48","guid":{"rendered":"https:\/\/tcm.eisenprobst.at\/?page_id=1124"},"modified":"2025-05-12T10:57:01","modified_gmt":"2025-05-12T08:57:01","slug":"meine-leistungen","status":"publish","type":"page","link":"https:\/\/tcm.eisenprobst.at\/","title":{"rendered":"Meine Leistungen"},"content":{"rendered":"<h2>Ich biete in meiner Ordination unter anderem folgende Leistungen an:<\/h2>\n<ul>\n<li>\n<p>        <img decoding=\"async\" src=\"\/wp-content\/uploads\/2021\/07\/koerperakupunktur_s.jpg\" alt=\"K\u00f6rperakupunktur\"><\/p>\n<h3>K\u00f6rperakupunktur<\/h3>\n<div>\n<p>Akupunktur ist das Einstechen von Nadeln in genau definierte Punkte zu therapeutischen Zwecken.<\/p>\n<p>Die klassische Akupunkturpunkte liegen auf Leitbahnen, den sogenannten Meridianen. Selbstheilungskr\u00e4fte des K\u00f6rpers werden angeregt, gest\u00f6rte Funktionen wieder normalisiert und und Blockaden gel\u00f6st. Die Wirkungsweise der Akupunktur ist heute wissenschaftlich gut untersucht und steht au\u00dfer Zweifel.<\/p>\n<\/div>\n<p><a href=\"\/index.php?page_id=1653\"><\/a><\/p>\n<\/li>\n<li>\n<p>        <img decoding=\"async\" src=\"\/wp-content\/uploads\/2021\/09\/ohrakupunktur_s.jpg\" alt=\"\"><\/p>\n<h3>Ohrakupunktur<\/h3>\n<div>\n<p>Am Ohr ist unser gesamter K\u00f6rper abgebildet. Hier befinden sich Punkte f\u00fcr alle K\u00f6rperteile, f\u00fcr alle inneren Organe und auch Punkte f\u00fcr psychische Entgleisungen.<\/p>\n<\/div>\n<p><a href=\"\/index.php?page_id=1667\"><\/a><\/p>\n<\/li>\n<li>\n<p>        <img decoding=\"async\" src=\"\/wp-content\/uploads\/2021\/05\/laserakupunktur3.jpg\" alt=\"\"><\/p>\n<h3>Laserakupunktur<\/h3>\n<div>\n<p>Laserakupunktur ist die schmerzfreie und sehr wirkungsvolle Akupunkturmethode, ideal geeignet f\u00fcr Kinder sowie f\u00fcr schmerzempfindliche Erwachsene und jene mit Nadelphopie.<\/p>\n<\/div>\n<p><a href=\"\/index.php?page_id=1674\"><\/a><\/p>\n<\/li>\n<li>\n<p>        <img decoding=\"async\" src=\"\/wp-content\/uploads\/2021\/07\/moxibustion_s.jpg\" alt=\"\"><\/p>\n<h3>Moxibustion<\/h3>\n<div>\n<p>Mit Beifu\u00dfkraut werden Akupunkturpunkte<span class=\"Apple-converted-space\">\u00a0 <\/span>ohne Hautkontakt angew\u00e4rmt. Dadurch wird K\u00e4lte und Feuchtigkeit in den Meridianen beseitigt und Erkrankungen vom Schw\u00e4chetyp behandelt.<\/p>\n<p>Am bekanntesten ist Moxen zur Wendung des Ungeborenen bei Beckenendlage. Hierf\u00fcr wird ein Spezieller Akupunkturpunkt mit der Moxazigarre stimuliert (ohne Hautkontakt!) w\u00e4hrend die Schwangere in \u201eBeckenhochlagerung\u201c liegt.<\/p>\n<\/div>\n<p><a href=\"\/index.php?page_id=1620\"><\/a><\/p>\n<\/li>\n<li>\n<p>        <img decoding=\"async\" src=\"\/wp-content\/uploads\/2021\/07\/gua_sha_s.jpg\" alt=\"\"><\/p>\n<h3>Gua Sha<\/h3>\n<div>\n<p><span>Gua Sha ist eine Methode, die \u00fcber Schabmassage zu Hautr\u00f6tungen f\u00fchrt. Dadarch wird die Durchblutung des Gewebes verbessert, der Stoffwechsel angeregt, Immnprozesse werden beschleunigt und verh\u00e4rtete Muskulatur wird detonisiert.<\/span><\/p>\n<\/div>\n<p><a href=\"\/index.php?page_id=1680\"><\/a><\/p>\n<\/li>\n<li>\n<p>        <img decoding=\"async\" src=\"\/wp-content\/uploads\/2021\/07\/krauterheilkunde_s.jpg\" alt=\"\"><\/p>\n<h3>Chinesische Kr\u00e4uterheilkunde<\/h3>\n<div>\n<p>Hier werden Pflanzenteile, Wurzeln, Rinden, Bl\u00e4tter, Samen und Bl\u00fcten aber auch Mineralien verwendet, um Kr\u00e4uterrezepturen zu erstellen.<\/p>\n<p>Sie haben in \u00fcber 2000 j\u00e4hriger Anwendung ihre heilende Wirkung erwiesen und sind mittlerweile wissenschaftlich sehr gut untersucht.<\/p>\n<p>Ablauf: nach einem ausf\u00fchrlichem Gespr\u00e4ch (Anamnese) mit einem Blick auf die Zunge und Pulsdiagnostik wird eine individuelle Kr\u00e4uterrezeptur erstellt.<\/p>\n<\/div>\n<p><a href=\"\/index.php?page_id=1647\"><\/a><\/p>\n<\/li>\n<\/ul>\n<p>\n    <a href=\"https:\/\/patient.latido.at\/arzt\/_Eisenprobst\">Termin reservieren<\/a>\n<\/p>\n<h1>Bitte beachten Sie, dass ich in meiner TCM-Ordination <strong>keine<\/strong> gyn\u00e4kologischen Untersuchungen und Behandlungen anbiete!<\/h1>\n<p><img decoding=\"async\" src=\"\/wp-content\/uploads\/2023\/12\/DANIELA_PORTRAIT-1_web2.jpg\" alt=\"\"><\/p>\n<div>\n<h6>Dr. med. Daniela Eisenprobst<\/h6>\n<\/div>\n<h2>Meine Spezialgebiete<\/h2>\n<div>Neben meinen Schwerpunkten in der TCM in Gyn\u00e4kologie, Geburtshilfe, Kinderwunsch und Bewegungsapparat, behandle ich sehr viele andere akute und chronische Erkrankungen wie z.B. Kopfschmerzen, Bauchschmerzen, Schlaflosigkeit und vieles mehr.<\/p>\n<p>Anhand von Akupunktur, Kr\u00e4uterpharmakologie, Gua Sha und Ern\u00e4hrung kann die TCM die westliche Medizin sehr gut erg\u00e4nzen. <\/p>\n<p>Die Rezepturen, die ich verschreibe, sind garantiert ohne tierische Produkte.<\/p>\n<\/div>\n<ul>\n<li>\n<p>        <img decoding=\"async\" src=\"\/wp-content\/uploads\/2021\/05\/ordination2.jpg\" alt=\"\"><\/p>\n<\/li>\n<li>\n<p>        <img decoding=\"async\" src=\"\/wp-content\/uploads\/2021\/07\/detail3.jpg\" alt=\"\"><\/p>\n<\/li>\n<li>\n<p>        <img decoding=\"async\" src=\"\/wp-content\/uploads\/2021\/07\/detail7.jpg\" alt=\"\"><\/p>\n<\/li>\n<li>\n<p>        <img decoding=\"async\" src=\"\/wp-content\/uploads\/2021\/07\/detail4.jpg\" alt=\"\"><\/p>\n<\/li>\n<li>\n<p>        <img decoding=\"async\" src=\"\/wp-content\/uploads\/2021\/05\/ordination1.jpg\" alt=\"\"><\/p>\n<\/li>\n<li>\n<p>        <img decoding=\"async\" src=\"\/wp-content\/uploads\/2021\/07\/detail5.jpg\" alt=\"\"><\/p>\n<\/li>\n<li>\n<p>        <img decoding=\"async\" src=\"\/wp-content\/uploads\/2021\/05\/laserakupunktur.jpg\" alt=\"\"><\/p>\n<\/li>\n<li>\n<p>        <img decoding=\"async\" src=\"\/wp-content\/uploads\/2021\/05\/detail2.jpg\" alt=\"\"><\/p>\n<\/li>\n<li>\n<p>        <img decoding=\"async\" src=\"\/wp-content\/uploads\/2021\/07\/detail6.jpg\" alt=\"\"><\/p>\n<\/li>\n<\/ul>\n<p><!--more--><br \/>\n<!-- {\"type\":\"layout\",\"children\":[{\"type\":\"section\",\"props\":{\"class\":\"hoehe\",\"height\":\"percent\",\"image\":\"wp-content\\\/uploads\\\/2021\\\/09\\\/tcm_01_title.jpg\",\"image_position\":\"center-center\",\"image_size\":\"cover\",\"style\":\"default\",\"title_breakpoint\":\"xl\",\"title_position\":\"top-left\",\"title_rotation\":\"left\",\"vertical_align\":\"\",\"width\":\"default\"},\"children\":[{\"type\":\"row\",\"children\":[{\"type\":\"column\",\"props\":{\"image_position\":\"center-center\",\"position_sticky_breakpoint\":\"m\"}}]}]},{\"type\":\"section\",\"props\":{\"id\":\"leistungen\",\"image_position\":\"center-center\",\"padding_remove_bottom\":false,\"style\":\"default\",\"title_breakpoint\":\"xl\",\"title_position\":\"top-left\",\"title_rotation\":\"left\",\"vertical_align\":\"middle\",\"width\":\"default\"},\"children\":[{\"type\":\"row\",\"children\":[{\"type\":\"column\",\"props\":{\"image_position\":\"center-center\",\"position_sticky_breakpoint\":\"m\"},\"children\":[{\"type\":\"headline\",\"props\":{\"content\":\"Ich biete in meiner Ordination unter anderem folgende Leistungen an:\",\"id\":\"slider\",\"margin\":\"large\",\"text_align\":\"center\",\"title_element\":\"h2\"},\"name\":\"slider\"},{\"type\":\"panel-slider\",\"props\":{\"animation\":\"fade\",\"content_column_breakpoint\":\"m\",\"content_margin\":\"small\",\"icon_width\":80,\"id\":\"slider\",\"image_align\":\"top\",\"image_border\":\"rounded\",\"image_grid_breakpoint\":\"m\",\"image_grid_width\":\"1-2\",\"image_link\":true,\"image_svg_color\":\"emphasis\",\"image_transition\":\"scale-up\",\"link_size\":\"small\",\"link_style\":\"link-muted\",\"link_text\":\"\",\"margin\":\"default\",\"meta_align\":\"below-title\",\"meta_element\":\"div\",\"meta_style\":\"text-meta\",\"nav\":\"dotnav\",\"nav_align\":\"center\",\"nav_breakpoint\":\"s\",\"panel_card_match\":true,\"panel_image_no_padding\":true,\"panel_link\":false,\"show_content\":false,\"show_image\":true,\"show_link\":true,\"show_meta\":false,\"show_title\":true,\"slidenav\":\"outside\",\"slidenav_breakpoint\":\"xl\",\"slidenav_large\":true,\"slidenav_margin\":\"medium\",\"slidenav_outside_breakpoint\":\"xl\",\"slider_autoplay\":true,\"slider_autoplay_interval\":\"3\",\"slider_autoplay_pause\":true,\"slider_center\":true,\"slider_divider\":false,\"slider_gap\":\"default\",\"slider_sets\":false,\"slider_velocity\":\"1\",\"slider_width\":\"fixed\",\"slider_width_default\":\"1-1\",\"slider_width_medium\":\"1-3\",\"title_align\":\"top\",\"title_color\":\"primary\",\"title_element\":\"h3\",\"title_grid_breakpoint\":\"m\",\"title_grid_width\":\"1-2\",\"title_hover_style\":\"reset\",\"title_link\":true},\"children\":[{\"type\":\"panel-slider_item\",\"props\":{\"content\":\"\n\n<p>Akupunktur ist das Einstechen von Nadeln in genau definierte Punkte zu therapeutischen Zwecken.<\\\/p>\\n\n\n<p>Die klassische Akupunkturpunkte liegen auf Leitbahnen, den sogenannten Meridianen. Selbstheilungskr\\u00e4fte des K\\u00f6rpers werden angeregt, gest\\u00f6rte Funktionen wieder normalisiert und und Blockaden gel\\u00f6st. Die Wirkungsweise der Akupunktur ist heute wissenschaftlich gut untersucht und steht au\\u00dfer Zweifel.<\\\/p>\",\"image\":\"wp-content\\\/uploads\\\/2021\\\/07\\\/koerperakupunktur_s.jpg\",\"image_alt\":\"K\\u00f6rperakupunktur\",\"link\":\"index.php?page_id=1653\",\"meta\":\"\",\"title\":\"K\\u00f6rperakupunktur\"}},{\"type\":\"panel-slider_item\",\"props\":{\"content\":\"\n\n<p>Am Ohr ist unser gesamter K\\u00f6rper abgebildet. Hier befinden sich Punkte f\\u00fcr alle K\\u00f6rperteile, f\\u00fcr alle inneren Organe und auch Punkte f\\u00fcr psychische Entgleisungen.<\\\/p>\",\"image\":\"wp-content\\\/uploads\\\/2021\\\/09\\\/ohrakupunktur_s.jpg\",\"link\":\"index.php?page_id=1667\",\"meta\":\"\",\"title\":\"Ohrakupunktur\"}},{\"type\":\"panel-slider_item\",\"props\":{\"content\":\"\n\n<p>Laserakupunktur ist die schmerzfreie und sehr wirkungsvolle Akupunkturmethode, ideal geeignet f\\u00fcr Kinder sowie f\\u00fcr schmerzempfindliche Erwachsene und jene mit Nadelphopie.<\\\/p>\",\"image\":\"wp-content\\\/uploads\\\/2021\\\/05\\\/laserakupunktur3.jpg\",\"link\":\"index.php?page_id=1674\",\"meta\":\"\",\"title\":\"Laserakupunktur\"}},{\"type\":\"panel-slider_item\",\"props\":{\"content\":\"\n\n<p>Mit Beifu\\u00dfkraut werden Akupunkturpunkte<span class=\\\"Apple-converted-space\\\">\\u00a0 <\\\/span>ohne Hautkontakt angew\\u00e4rmt. Dadurch wird K\\u00e4lte und Feuchtigkeit in den Meridianen beseitigt und Erkrankungen vom Schw\\u00e4chetyp behandelt.<\\\/p>\\n\n\n<p>Am bekanntesten ist Moxen zur Wendung des Ungeborenen bei Beckenendlage. Hierf\\u00fcr wird ein Spezieller Akupunkturpunkt mit der Moxazigarre stimuliert (ohne Hautkontakt!) w\\u00e4hrend die Schwangere in \\u201eBeckenhochlagerung\\u201c liegt.<\\\/p>\",\"image\":\"wp-content\\\/uploads\\\/2021\\\/07\\\/moxibustion_s.jpg\",\"link\":\"index.php?page_id=1620\",\"meta\":\"\",\"title\":\"Moxibustion\"}},{\"type\":\"panel-slider_item\",\"props\":{\"content\":\"\n\n<p><span>Gua Sha ist eine Methode, die \\u00fcber Schabmassage zu Hautr\\u00f6tungen f\\u00fchrt. Dadarch wird die Durchblutung des Gewebes verbessert, der Stoffwechsel angeregt, Immnprozesse werden beschleunigt und verh\\u00e4rtete Muskulatur wird detonisiert.<\\\/span><\\\/p>\",\"image\":\"wp-content\\\/uploads\\\/2021\\\/07\\\/gua_sha_s.jpg\",\"link\":\"index.php?page_id=1680\",\"meta\":\"\",\"title\":\"Gua Sha\"}},{\"type\":\"panel-slider_item\",\"props\":{\"content\":\"\n\n<p>Hier werden Pflanzenteile, Wurzeln, Rinden, Bl\\u00e4tter, Samen und Bl\\u00fcten aber auch Mineralien verwendet, um Kr\\u00e4uterrezepturen zu erstellen.<\\\/p>\\n\n\n<p>Sie haben in \\u00fcber 2000 j\\u00e4hriger Anwendung ihre heilende Wirkung erwiesen und sind mittlerweile wissenschaftlich sehr gut untersucht.<\\\/p>\\n\n\n<p>Ablauf: nach einem ausf\\u00fchrlichem Gespr\\u00e4ch (Anamnese) mit einem Blick auf die Zunge und Pulsdiagnostik wird eine individuelle Kr\\u00e4uterrezeptur erstellt.<\\\/p>\",\"image\":\"wp-content\\\/uploads\\\/2021\\\/07\\\/krauterheilkunde_s.jpg\",\"link\":\"index.php?page_id=1647\",\"meta\":\"\",\"title\":\"Chinesische Kr\\u00e4uterheilkunde\"}}]}]}]}],\"name\":\"leistungen\"},{\"type\":\"section\",\"props\":{\"image_position\":\"center-center\",\"padding_remove_top\":true,\"style\":\"default\",\"title_breakpoint\":\"xl\",\"title_position\":\"top-left\",\"title_rotation\":\"left\",\"vertical_align\":\"middle\",\"width\":\"default\"},\"children\":[{\"type\":\"row\",\"children\":[{\"type\":\"column\",\"props\":{\"image_position\":\"center-center\",\"position_sticky_breakpoint\":\"m\",\"width_medium\":\"1-3\"}},{\"type\":\"column\",\"props\":{\"image_position\":\"center-center\",\"position_sticky_breakpoint\":\"m\",\"width_medium\":\"1-3\"},\"children\":[{\"type\":\"button\",\"props\":{\"button_size\":\"large\",\"fullwidth\":true,\"grid_column_gap\":\"small\",\"grid_row_gap\":\"small\",\"margin\":\"\",\"margin_remove_bottom\":false},\"children\":[{\"type\":\"button_item\",\"props\":{\"button_style\":\"secondary\",\"content\":\"Termin reservieren\",\"icon\":\"pencil\",\"icon_align\":\"left\",\"link\":\"https:\\\/\\\/patient.latido.at\\\/arzt\\\/_Eisenprobst\",\"link_target\":\"blank\",\"link_title\":\"Termin reservieren\"}}],\"modified\":\"2021-05-17T19:00:20.364Z\",\"name\":\"reservierung\"}]},{\"type\":\"column\",\"props\":{\"image_position\":\"center-center\",\"position_sticky_breakpoint\":\"m\",\"width_medium\":\"1-3\"}}],\"props\":{\"layout\":\"1-3,1-3,1-3\",\"match\":false}},{\"type\":\"row\",\"children\":[{\"type\":\"column\",\"props\":{\"image_position\":\"center-center\",\"position_sticky_breakpoint\":\"m\"},\"children\":[{\"type\":\"headline\",\"props\":{\"content\":\"Bitte beachten Sie, dass ich in meiner TCM-Ordination <strong>keine<\\\/strong> gyn\\u00e4kologischen Untersuchungen und Behandlungen anbiete!\",\"text_align\":\"center\",\"title_color\":\"primary\",\"title_element\":\"h1\",\"title_style\":\"h4\"}}]}]}]},{\"type\":\"section\",\"props\":{\"image_position\":\"center-center\",\"style\":\"muted\",\"title_breakpoint\":\"xl\",\"title_position\":\"top-left\",\"title_rotation\":\"left\",\"vertical_align\":\"middle\",\"width\":\"default\"},\"children\":[{\"type\":\"row\",\"props\":{\"layout\":\"1-3,2-3\"},\"children\":[{\"type\":\"column\",\"props\":{\"image_position\":\"center-center\",\"position_sticky_breakpoint\":\"m\",\"width_medium\":\"1-3\"},\"children\":[{\"type\":\"image\",\"props\":{\"image\":\"wp-content\\\/uploads\\\/2023\\\/12\\\/DANIELA_PORTRAIT-1_web2.jpg\",\"image_height\":\"auto\",\"image_svg_color\":\"emphasis\",\"margin\":\"default\"}},{\"type\":\"text\",\"props\":{\"column_breakpoint\":\"m\",\"content\":\"\n\n<h6>Dr. med. Daniela Eisenprobst<\\\/h6>\",\"margin\":\"default\"}}]},{\"type\":\"column\",\"props\":{\"image_position\":\"center-center\",\"position_sticky_breakpoint\":\"m\",\"width_medium\":\"2-3\"},\"children\":[{\"type\":\"headline\",\"props\":{\"content\":\"Meine Spezialgebiete\",\"text_align\":\"left\",\"title_element\":\"h2\",\"title_style\":\"h2\"}},{\"type\":\"text\",\"props\":{\"column_breakpoint\":\"m\",\"content\":\"Neben meinen Schwerpunkten in der TCM in Gyn\\u00e4kologie, Geburtshilfe, Kinderwunsch und Bewegungsapparat, behandle ich sehr viele andere akute und chronische Erkrankungen wie z.B. Kopfschmerzen, Bauchschmerzen, Schlaflosigkeit und vieles mehr.\\n\n\n\\nAnhand von Akupunktur, Kr\\u00e4uterpharmakologie, Gua Sha und Ern\\u00e4hrung kann die TCM die westliche Medizin sehr gut erg\\u00e4nzen. \\n\n\n\\nDie Rezepturen, die ich verschreibe, sind garantiert ohne tierische Produkte.\\n\\n\\n\",\"dropcap\":false,\"margin\":\"default\",\"text_style\":\"large\"}}]}]}],\"name\":\"special\"},{\"type\":\"section\",\"props\":{\"image_position\":\"center-center\",\"style\":\"default\",\"title_breakpoint\":\"xl\",\"title_position\":\"top-left\",\"title_rotation\":\"left\",\"vertical_align\":\"middle\",\"width\":\"default\"},\"children\":[{\"type\":\"row\",\"children\":[{\"type\":\"column\",\"props\":{\"image_position\":\"center-center\",\"position_sticky_breakpoint\":\"m\"},\"children\":[{\"type\":\"gallery\",\"props\":{\"filter\":false,\"filter_align\":\"left\",\"filter_all\":true,\"filter_grid_breakpoint\":\"m\",\"filter_grid_width\":\"auto\",\"filter_position\":\"top\",\"filter_style\":\"tab\",\"grid_column_align\":false,\"grid_column_gap\":\"small\",\"grid_default\":\"2\",\"grid_divider\":false,\"grid_masonry\":true,\"grid_medium\":\"3\",\"grid_row_align\":false,\"grid_row_gap\":\"small\",\"image_transition\":\"scale-up\",\"item_animation\":true,\"lightbox\":false,\"link_style\":\"default\",\"link_text\":\"Read more\",\"margin\":\"default\",\"meta_align\":\"below-title\",\"meta_element\":\"div\",\"meta_style\":\"text-meta\",\"overlay_hover\":false,\"overlay_mode\":\"caption\",\"overlay_position\":\"center\",\"overlay_style\":\"overlay-primary\",\"overlay_transition\":\"fade\",\"overlay_transition_background\":true,\"parallax_easing\":\"1\",\"show_content\":true,\"show_hover_image\":true,\"show_link\":true,\"show_meta\":true,\"show_title\":true,\"text_align\":\"center\",\"text_color\":\"light\",\"text_color_hover\":false,\"title_element\":\"h3\",\"title_hover_style\":\"reset\"},\"children\":[{\"type\":\"gallery_item\",\"props\":{\"image\":\"wp-content\\\/uploads\\\/2021\\\/05\\\/ordination2.jpg\"}},{\"type\":\"gallery_item\",\"props\":{\"image\":\"wp-content\\\/uploads\\\/2021\\\/07\\\/detail3.jpg\"}},{\"type\":\"gallery_item\",\"props\":{\"image\":\"wp-content\\\/uploads\\\/2021\\\/07\\\/detail7.jpg\"}},{\"type\":\"gallery_item\",\"props\":{\"image\":\"wp-content\\\/uploads\\\/2021\\\/07\\\/detail4.jpg\"}},{\"type\":\"gallery_item\",\"props\":{\"image\":\"wp-content\\\/uploads\\\/2021\\\/05\\\/ordination1.jpg\"}},{\"type\":\"gallery_item\",\"props\":{\"image\":\"wp-content\\\/uploads\\\/2021\\\/07\\\/detail5.jpg\"}},{\"type\":\"gallery_item\",\"props\":{\"image\":\"wp-content\\\/uploads\\\/2021\\\/05\\\/laserakupunktur.jpg\"}},{\"type\":\"gallery_item\",\"props\":{\"image\":\"wp-content\\\/uploads\\\/2021\\\/05\\\/detail2.jpg\"}},{\"type\":\"gallery_item\",\"props\":{\"image\":\"wp-content\\\/uploads\\\/2021\\\/07\\\/detail6.jpg\"}}]}]}]}]},{\"type\":\"section\",\"props\":{\"image_position\":\"center-center\",\"style\":\"default\",\"title_breakpoint\":\"xl\",\"title_position\":\"top-left\",\"title_rotation\":\"left\",\"vertical_align\":\"middle\",\"width\":\"default\"},\"children\":[{\"type\":\"row\",\"children\":[{\"type\":\"column\",\"props\":{\"image_position\":\"center-center\",\"position_sticky_breakpoint\":\"m\"}}]}]}],\"version\":\"4.0.8\"} --><\/p>\n","protected":false},"excerpt":{"rendered":"<p>Ich biete in meiner Ordination unter anderem folgende Leistungen an: K\u00f6rperakupunktur Akupunktur ist das Einstechen von Nadeln in genau definierte Punkte zu therapeutischen Zwecken. Die klassische Akupunkturpunkte liegen auf Leitbahnen, den sogenannten Meridianen. Selbstheilungskr\u00e4fte des K\u00f6rpers werden angeregt, gest\u00f6rte Funktionen wieder normalisiert und und Blockaden gel\u00f6st. Die Wirkungsweise der Akupunktur ist heute wissenschaftlich gut untersucht [&hellip;]<\/p>\n","protected":false},"author":1,"featured_media":0,"parent":0,"menu_order":0,"comment_status":"closed","ping_status":"closed","template":"","meta":{"footnotes":""},"class_list":["post-1124","page","type-page","status-publish","hentry"],"acf":[],"_links":{"self":[{"href":"https:\/\/tcm.eisenprobst.at\/index.php?rest_route=\/wp\/v2\/pages\/1124","targetHints":{"allow":["GET"]}}],"collection":[{"href":"https:\/\/tcm.eisenprobst.at\/index.php?rest_route=\/wp\/v2\/pages"}],"about":[{"href":"https:\/\/tcm.eisenprobst.at\/index.php?rest_route=\/wp\/v2\/types\/page"}],"author":[{"embeddable":true,"href":"https:\/\/tcm.eisenprobst.at\/index.php?rest_route=\/wp\/v2\/users\/1"}],"replies":[{"embeddable":true,"href":"https:\/\/tcm.eisenprobst.at\/index.php?rest_route=%2Fwp%2Fv2%2Fcomments&post=1124"}],"version-history":[{"count":199,"href":"https:\/\/tcm.eisenprobst.at\/index.php?rest_route=\/wp\/v2\/pages\/1124\/revisions"}],"predecessor-version":[{"id":2021,"href":"https:\/\/tcm.eisenprobst.at\/index.php?rest_route=\/wp\/v2\/pages\/1124\/revisions\/2021"}],"wp:attachment":[{"href":"https:\/\/tcm.eisenprobst.at\/index.php?rest_route=%2Fwp%2Fv2%2Fmedia&parent=1124"}],"curies":[{"name":"wp","href":"https:\/\/api.w.org\/{rel}","templated":true}]}}